{"id":12,"date":"2025-10-02T15:55:32","date_gmt":"2025-10-02T15:55:32","guid":{"rendered":"https:\/\/catren-itq.webs.upv.es\/?page_id=12"},"modified":"2025-10-24T12:00:14","modified_gmt":"2025-10-24T12:00:14","slug":"research","status":"publish","type":"page","link":"https:\/\/catren-itq.webs.upv.es\/es\/research\/","title":{"rendered":"Investigaci\u00f3n"},"content":{"rendered":"<p class=\"has-x-large-font-size\"><strong>Principales l\u00edneas de investigaci\u00f3n<\/strong><\/p>\n\n\n\n<div class=\"wp-block-columns is-style-default is-layout-flex wp-container-core-columns-is-layout-af8dbd7f wp-block-columns-is-layout-flex\" style=\"border-style:none;border-width:0px;border-radius:0px;padding-top:0;padding-bottom:0\">\n<div class=\"wp-block-column is-layout-flow wp-block-column-is-layout-flow\" style=\"flex-basis:33.33%\">\n<figure class=\"wp-block-image aligncenter size-full is-resized is-style-rounded\"><img loading=\"lazy\" decoding=\"async\" width=\"2560\" height=\"2221\" src=\"https:\/\/catren-itq.webs.upv.es\/wp-content\/uploads\/2025\/10\/rutio2-2-scaled.jpg\" alt=\"\" class=\"wp-image-633\" style=\"width:181px;height:auto\" srcset=\"https:\/\/catren-itq.webs.upv.es\/wp-content\/uploads\/2025\/10\/rutio2-2-scaled.jpg 2560w, https:\/\/catren-itq.webs.upv.es\/wp-content\/uploads\/2025\/10\/rutio2-2-300x260.jpg 300w, https:\/\/catren-itq.webs.upv.es\/wp-content\/uploads\/2025\/10\/rutio2-2-1024x888.jpg 1024w, https:\/\/catren-itq.webs.upv.es\/wp-content\/uploads\/2025\/10\/rutio2-2-768x666.jpg 768w, https:\/\/catren-itq.webs.upv.es\/wp-content\/uploads\/2025\/10\/rutio2-2-1536x1333.jpg 1536w, https:\/\/catren-itq.webs.upv.es\/wp-content\/uploads\/2025\/10\/rutio2-2-2048x1777.jpg 2048w, https:\/\/catren-itq.webs.upv.es\/wp-content\/uploads\/2025\/10\/rutio2-2-14x12.jpg 14w\" sizes=\"auto, (max-width: 2560px) 100vw, 2560px\" \/><\/figure>\n<\/div>\n\n\n\n<div class=\"wp-block-column is-layout-flow wp-container-core-column-is-layout-174dc50d wp-block-column-is-layout-flow\" style=\"padding-top:var(--wp--preset--spacing--50);padding-bottom:var(--wp--preset--spacing--50);flex-basis:66.66%\"><div class=\"wp-block-ub-content-toggle wp-block-ub-content-toggle-block\" id=\"ub-content-toggle-block-a4a98440-9634-4849-9490-67741ef0c63c\" data-mobilecollapse=\"true\" data-desktopcollapse=\"true\" data-preventcollapse=\"false\" data-showonlyone=\"false\">\n<div class=\"wp-block-ub-content-toggle-accordion\" style=\"border-color: #FFFFFF; \" id=\"ub-content-toggle-panel-block-206f22a2-5917-4f1e-a3aa-afeb8abe56cf\">\n\t\t\t<div class=\"wp-block-ub-content-toggle-accordion-title-wrap\" style=\"background-color: #FFFFFF;\" aria-controls=\"ub-content-toggle-panel-0-a4a98440-9634-4849-9490-67741ef0c63c\" tabindex=\"0\">\n\t\t\t<p class=\"wp-block-ub-content-toggle-accordion-title ub-content-toggle-title-a4a98440-9634-4849-9490-67741ef0c63c\" style=\"color: #111111; --ub-content-toggle-title-link-color: #ffffff; \"><strong>S\u00edntesis y caracterizaci\u00f3n de catalizadores<\/strong><\/p>\n\t\t\t<div class=\"wp-block-ub-content-toggle-accordion-toggle-wrap right\" style=\"color: #000000;\"><span class=\"wp-block-ub-content-toggle-accordion-state-indicator wp-block-ub-chevron-down\"><\/span><\/div>\n\t\t<\/div>\n\t\t\t<div role=\"region\" aria-expanded=\"false\" class=\"wp-block-ub-content-toggle-accordion-content-wrap ub-hide\" id=\"ub-content-toggle-panel-0-a4a98440-9634-4849-9490-67741ef0c63c\">\n\n<p style=\"font-size:clamp(14px, 0.875rem + ((1vw - 3.2px) * 0.196), 16px);\">Nos centramos en el dise\u00f1o racional y el desarrollo de catalizadores heterog\u00e9neos nanEstructurados, combinando integraci\u00f3n y optimizaci\u00f3n de procesos para impulsar tecnolog\u00edas escalables y eficientes en biorrefiner\u00edas integradas. Nuestro trabajo incluye la caracterizaci\u00f3n integral de materiales catal\u00edticos mediante ICP-MS, FRX, DRX, SEM, TEM, TPD-NH3, TPR-H2, entre otras t\u00e9cnicas, con el objetivo de establecer correlaciones claras entre el desempe\u00f1o catal\u00edtico (actividad, selectividad y estabilidad) y sus propiedades fisicoqu\u00edmicas. Este enfoque permite dise\u00f1ar catalizadores de nueva generaci\u00f3n para transformaciones qu\u00edmicas sostenibles y la producci\u00f3n de combustibles y productos qu\u00edmicos de base biol\u00f3gica.<\/p>\n\n<\/div>\n\t\t<\/div>\n<\/div><\/div>\n<\/div>\n\n\n\n<div class=\"wp-block-columns is-style-default is-layout-flex wp-container-core-columns-is-layout-af8dbd7f wp-block-columns-is-layout-flex\" style=\"border-style:none;border-width:0px;border-radius:0px;padding-top:0;padding-bottom:0\">\n<div class=\"wp-block-column is-layout-flow wp-block-column-is-layout-flow\" style=\"flex-basis:33.33%\">\n<figure class=\"wp-block-image size-full is-style-rounded\"><img loading=\"lazy\" decoding=\"async\" width=\"488\" height=\"345\" src=\"https:\/\/catren-itq.webs.upv.es\/wp-content\/uploads\/2025\/10\/foto-lignina-2.png\" alt=\"\" class=\"wp-image-636\" srcset=\"https:\/\/catren-itq.webs.upv.es\/wp-content\/uploads\/2025\/10\/foto-lignina-2.png 488w, https:\/\/catren-itq.webs.upv.es\/wp-content\/uploads\/2025\/10\/foto-lignina-2-300x212.png 300w, https:\/\/catren-itq.webs.upv.es\/wp-content\/uploads\/2025\/10\/foto-lignina-2-18x12.png 18w\" sizes=\"auto, (max-width: 488px) 100vw, 488px\" \/><\/figure>\n<\/div>\n\n\n\n<div class=\"wp-block-column is-layout-flow wp-container-core-column-is-layout-b2a27621 wp-block-column-is-layout-flow\" style=\"padding-top:0;padding-right:0;padding-bottom:0;padding-left:0;flex-basis:66.66%\"><div class=\"wp-block-ub-content-toggle wp-block-ub-content-toggle-block\" id=\"ub-content-toggle-block-d465afa0-33e5-49c1-9bb1-9859778df731\" data-mobilecollapse=\"true\" data-desktopcollapse=\"true\" data-preventcollapse=\"false\" data-showonlyone=\"false\">\n<div class=\"wp-block-ub-content-toggle-accordion\" style=\"border-color: #FFFFFF; \" id=\"ub-content-toggle-panel-block-206f22a2-5917-4f1e-a3aa-afeb8abe56cf\">\n\t\t\t<div class=\"wp-block-ub-content-toggle-accordion-title-wrap\" style=\"background-color: #FFFFFF;\" aria-controls=\"ub-content-toggle-panel-0-d465afa0-33e5-49c1-9bb1-9859778df731\" tabindex=\"0\">\n\t\t\t<p class=\"wp-block-ub-content-toggle-accordion-title ub-content-toggle-title-d465afa0-33e5-49c1-9bb1-9859778df731\" style=\"color: #111111; --ub-content-toggle-title-link-color: #ffffff; \"><strong>Desarrollo de procesos catal\u00edticos para la producci\u00f3n de biocombustibles y bio-productos<\/strong><\/p>\n\t\t\t<div class=\"wp-block-ub-content-toggle-accordion-toggle-wrap right\" style=\"color: #000000;\"><span class=\"wp-block-ub-content-toggle-accordion-state-indicator wp-block-ub-chevron-down\"><\/span><\/div>\n\t\t<\/div>\n\t\t\t<div role=\"region\" aria-expanded=\"false\" class=\"wp-block-ub-content-toggle-accordion-content-wrap ub-hide\" id=\"ub-content-toggle-panel-0-d465afa0-33e5-49c1-9bb1-9859778df731\">\n\n<p style=\"font-size:clamp(14px, 0.875rem + ((1vw - 3.2px) * 0.196), 16px);\">Nuestra investigaci\u00f3n se centra en el desarrollo y la optimizaci\u00f3n de procesos catal\u00edticos para la (co)producci\u00f3n de combustibles y productos qu\u00edmicos a partir de materias primas renovables (p. ej., biomasa lignocelul\u00f3sica, residuos urbanos, residuos pl\u00e1sticos, etc.). Esto implica la optimizaci\u00f3n de catalizadores, del proceso y de las condiciones operativas, adem\u00e1s de una caracterizaci\u00f3n exhaustiva de productos mediante t\u00e9cnicas anal\u00edticas avanzadas (HPLC\u2013GPC\u2013RID, GC\u2013FID\u2013MS, GC\u00d7GC\u2013MS y 2D\u2013HSQC\u2013NMR, entre otras) para establecer relaciones estructura\u2013propiedad\u2013desempe\u00f1o.<\/p>\n\n<\/div>\n\t\t<\/div>\n<\/div><\/div>\n<\/div>\n\n\n\n<div class=\"wp-block-columns is-style-default is-layout-flex wp-container-core-columns-is-layout-af8dbd7f wp-block-columns-is-layout-flex\" style=\"border-style:none;border-width:0px;border-radius:0px;padding-top:0;padding-bottom:0\">\n<div class=\"wp-block-column is-layout-flow wp-block-column-is-layout-flow\" style=\"flex-basis:33.33%\">\n<figure class=\"wp-block-image aligncenter size-full is-resized is-style-rounded\"><img loading=\"lazy\" decoding=\"async\" width=\"1200\" height=\"1600\" src=\"https:\/\/catren-itq.webs.upv.es\/wp-content\/uploads\/2025\/10\/reactor.jpg\" alt=\"\" class=\"wp-image-635\" style=\"width:158px;height:auto\" srcset=\"https:\/\/catren-itq.webs.upv.es\/wp-content\/uploads\/2025\/10\/reactor.jpg 1200w, https:\/\/catren-itq.webs.upv.es\/wp-content\/uploads\/2025\/10\/reactor-225x300.jpg 225w, https:\/\/catren-itq.webs.upv.es\/wp-content\/uploads\/2025\/10\/reactor-768x1024.jpg 768w, https:\/\/catren-itq.webs.upv.es\/wp-content\/uploads\/2025\/10\/reactor-1152x1536.jpg 1152w, https:\/\/catren-itq.webs.upv.es\/wp-content\/uploads\/2025\/10\/reactor-9x12.jpg 9w\" sizes=\"auto, (max-width: 1200px) 100vw, 1200px\" \/><\/figure>\n<\/div>\n\n\n\n<div class=\"wp-block-column is-layout-flow wp-container-core-column-is-layout-92d440f1 wp-block-column-is-layout-flow\" style=\"padding-top:0;padding-bottom:0;flex-basis:66.66%\"><div class=\"wp-block-ub-content-toggle wp-block-ub-content-toggle-block\" id=\"ub-content-toggle-block-ac7402f2-4b72-4a65-b0e3-ea6e9ab5e8ec\" data-mobilecollapse=\"true\" data-desktopcollapse=\"true\" data-preventcollapse=\"false\" data-showonlyone=\"false\">\n<div class=\"wp-block-ub-content-toggle-accordion\" style=\"border-color: #FFFFFF; \" id=\"ub-content-toggle-panel-block-206f22a2-5917-4f1e-a3aa-afeb8abe56cf\">\n\t\t\t<div class=\"wp-block-ub-content-toggle-accordion-title-wrap\" style=\"background-color: #FFFFFF;\" aria-controls=\"ub-content-toggle-panel-0-ac7402f2-4b72-4a65-b0e3-ea6e9ab5e8ec\" tabindex=\"0\">\n\t\t\t<p class=\"wp-block-ub-content-toggle-accordion-title ub-content-toggle-title-ac7402f2-4b72-4a65-b0e3-ea6e9ab5e8ec\" style=\"color: #111111; --ub-content-toggle-title-link-color: #ffffff; \"><strong>Escalado de los procesos<\/strong><\/p>\n\t\t\t<div class=\"wp-block-ub-content-toggle-accordion-toggle-wrap right\" style=\"color: #000000;\"><span class=\"wp-block-ub-content-toggle-accordion-state-indicator wp-block-ub-chevron-down\"><\/span><\/div>\n\t\t<\/div>\n\t\t\t<div role=\"region\" aria-expanded=\"false\" class=\"wp-block-ub-content-toggle-accordion-content-wrap ub-hide\" id=\"ub-content-toggle-panel-0-ac7402f2-4b72-4a65-b0e3-ea6e9ab5e8ec\">\n\n<p style=\"font-size:clamp(14px, 0.875rem + ((1vw - 3.2px) * 0.196), 16px);\">Optimizaci\u00f3n y escalado de procesos catal\u00edticos \u201cone-pot\u201d de despolimerizaci\u00f3n e hidrodesoxigenaci\u00f3n hasta TRL-5 dentro de la iniciativa Biorefinery (LIA 5) del programa PTI+ TRANS-ENER+, con el objetivo de desarrollar rutas integradas, escalables y energ\u00e9ticamente eficientes para la conversi\u00f3n de materias primas renovables en biocombustibles avanzados y bioproductos.<\/p>\n\n<\/div>\n\t\t<\/div>\n<\/div><\/div>\n<\/div>","protected":false},"excerpt":{"rendered":"<p>Principales l\u00edneas de investigaci\u00f3n<\/p>","protected":false},"author":1,"featured_media":799,"parent":0,"menu_order":0,"comment_status":"closed","ping_status":"closed","template":"","meta":{"_uag_custom_page_level_css":"","footnotes":""},"class_list":["post-12","page","type-page","status-publish","has-post-thumbnail","hentry"],"featured_image_src":"https:\/\/catren-itq.webs.upv.es\/wp-content\/uploads\/2025\/10\/ChatGPT-Image-24-oct-2025-13_35_16-2.png","yoast_head":"<!-- This site is optimized with the Yoast SEO plugin v27.3 - https:\/\/yoast.com\/product\/yoast-seo-wordpress\/ -->\n<title>Research - CAT-REN<\/title>\n<meta name=\"robots\" content=\"noindex, follow, max-snippet:-1, max-image-preview:large, max-video-preview:-1\" \/>\n<meta property=\"og:locale\" content=\"es_ES\" \/>\n<meta property=\"og:type\" content=\"article\" \/>\n<meta property=\"og:title\" content=\"Research - CAT-REN\" \/>\n<meta property=\"og:description\" content=\"Main Research Lines\" \/>\n<meta property=\"og:url\" content=\"https:\/\/catren-itq.webs.upv.es\/es\/research\/\" \/>\n<meta property=\"og:site_name\" content=\"CAT-REN\" \/>\n<meta property=\"article:modified_time\" content=\"2025-10-24T12:00:14+00:00\" \/>\n<meta property=\"og:image\" content=\"https:\/\/catren-itq.webs.upv.es\/wp-content\/uploads\/2025\/10\/ChatGPT-Image-24-oct-2025-13_35_16-2.png\" \/>\n\t<meta property=\"og:image:width\" content=\"1536\" \/>\n\t<meta property=\"og:image:height\" content=\"542\" \/>\n\t<meta property=\"og:image:type\" content=\"image\/png\" \/>\n<meta name=\"twitter:card\" content=\"summary_large_image\" \/>\n<meta name=\"twitter:label1\" content=\"Tiempo de lectura\" \/>\n\t<meta name=\"twitter:data1\" content=\"2 minutos\" \/>\n<script type=\"application\/ld+json\" class=\"yoast-schema-graph\">{\"@context\":\"https:\\\/\\\/schema.org\",\"@graph\":[{\"@type\":\"WebPage\",\"@id\":\"https:\\\/\\\/catren-itq.webs.upv.es\\\/research\\\/\",\"url\":\"https:\\\/\\\/catren-itq.webs.upv.es\\\/research\\\/\",\"name\":\"Research - CAT-REN\",\"isPartOf\":{\"@id\":\"https:\\\/\\\/catren-itq.webs.upv.es\\\/#website\"},\"primaryImageOfPage\":{\"@id\":\"https:\\\/\\\/catren-itq.webs.upv.es\\\/research\\\/#primaryimage\"},\"image\":{\"@id\":\"https:\\\/\\\/catren-itq.webs.upv.es\\\/research\\\/#primaryimage\"},\"thumbnailUrl\":\"https:\\\/\\\/catren-itq.webs.upv.es\\\/wp-content\\\/uploads\\\/2025\\\/10\\\/ChatGPT-Image-24-oct-2025-13_35_16-2.png\",\"datePublished\":\"2025-10-02T15:55:32+00:00\",\"dateModified\":\"2025-10-24T12:00:14+00:00\",\"breadcrumb\":{\"@id\":\"https:\\\/\\\/catren-itq.webs.upv.es\\\/research\\\/#breadcrumb\"},\"inLanguage\":\"es\",\"potentialAction\":[{\"@type\":\"ReadAction\",\"target\":[\"https:\\\/\\\/catren-itq.webs.upv.es\\\/research\\\/\"]}]},{\"@type\":\"ImageObject\",\"inLanguage\":\"es\",\"@id\":\"https:\\\/\\\/catren-itq.webs.upv.es\\\/research\\\/#primaryimage\",\"url\":\"https:\\\/\\\/catren-itq.webs.upv.es\\\/wp-content\\\/uploads\\\/2025\\\/10\\\/ChatGPT-Image-24-oct-2025-13_35_16-2.png\",\"contentUrl\":\"https:\\\/\\\/catren-itq.webs.upv.es\\\/wp-content\\\/uploads\\\/2025\\\/10\\\/ChatGPT-Image-24-oct-2025-13_35_16-2.png\",\"width\":1536,\"height\":542},{\"@type\":\"BreadcrumbList\",\"@id\":\"https:\\\/\\\/catren-itq.webs.upv.es\\\/research\\\/#breadcrumb\",\"itemListElement\":[{\"@type\":\"ListItem\",\"position\":1,\"name\":\"Home\",\"item\":\"https:\\\/\\\/catren-itq.webs.upv.es\\\/\"},{\"@type\":\"ListItem\",\"position\":2,\"name\":\"Research\"}]},{\"@type\":\"WebSite\",\"@id\":\"https:\\\/\\\/catren-itq.webs.upv.es\\\/#website\",\"url\":\"https:\\\/\\\/catren-itq.webs.upv.es\\\/\",\"name\":\"CAT-REN\",\"description\":\"Marcelo Domine Lab - CATREN\",\"publisher\":{\"@id\":\"https:\\\/\\\/catren-itq.webs.upv.es\\\/#organization\"},\"potentialAction\":[{\"@type\":\"SearchAction\",\"target\":{\"@type\":\"EntryPoint\",\"urlTemplate\":\"https:\\\/\\\/catren-itq.webs.upv.es\\\/?s={search_term_string}\"},\"query-input\":{\"@type\":\"PropertyValueSpecification\",\"valueRequired\":true,\"valueName\":\"search_term_string\"}}],\"inLanguage\":\"es\"},{\"@type\":\"Organization\",\"@id\":\"https:\\\/\\\/catren-itq.webs.upv.es\\\/#organization\",\"name\":\"CAT-REN\",\"url\":\"https:\\\/\\\/catren-itq.webs.upv.es\\\/\",\"logo\":{\"@type\":\"ImageObject\",\"inLanguage\":\"es\",\"@id\":\"https:\\\/\\\/catren-itq.webs.upv.es\\\/#\\\/schema\\\/logo\\\/image\\\/\",\"url\":\"https:\\\/\\\/catren-itq.webs.upv.es\\\/wp-content\\\/uploads\\\/2025\\\/10\\\/foto-logo222-2.png\",\"contentUrl\":\"https:\\\/\\\/catren-itq.webs.upv.es\\\/wp-content\\\/uploads\\\/2025\\\/10\\\/foto-logo222-2.png\",\"width\":1650,\"height\":1119,\"caption\":\"CAT-REN\"},\"image\":{\"@id\":\"https:\\\/\\\/catren-itq.webs.upv.es\\\/#\\\/schema\\\/logo\\\/image\\\/\"}}]}<\/script>\n<!-- \/ Yoast SEO plugin. -->","yoast_head_json":{"title":"Research - CAT-REN","robots":{"index":"noindex","follow":"follow","max-snippet":"max-snippet:-1","max-image-preview":"max-image-preview:large","max-video-preview":"max-video-preview:-1"},"og_locale":"es_ES","og_type":"article","og_title":"Research - CAT-REN","og_description":"Main Research Lines","og_url":"https:\/\/catren-itq.webs.upv.es\/es\/research\/","og_site_name":"CAT-REN","article_modified_time":"2025-10-24T12:00:14+00:00","og_image":[{"width":1536,"height":542,"url":"https:\/\/catren-itq.webs.upv.es\/wp-content\/uploads\/2025\/10\/ChatGPT-Image-24-oct-2025-13_35_16-2.png","type":"image\/png"}],"twitter_card":"summary_large_image","twitter_misc":{"Tiempo de lectura":"2 minutos"},"schema":{"@context":"https:\/\/schema.org","@graph":[{"@type":"WebPage","@id":"https:\/\/catren-itq.webs.upv.es\/research\/","url":"https:\/\/catren-itq.webs.upv.es\/research\/","name":"Research - CAT-REN","isPartOf":{"@id":"https:\/\/catren-itq.webs.upv.es\/#website"},"primaryImageOfPage":{"@id":"https:\/\/catren-itq.webs.upv.es\/research\/#primaryimage"},"image":{"@id":"https:\/\/catren-itq.webs.upv.es\/research\/#primaryimage"},"thumbnailUrl":"https:\/\/catren-itq.webs.upv.es\/wp-content\/uploads\/2025\/10\/ChatGPT-Image-24-oct-2025-13_35_16-2.png","datePublished":"2025-10-02T15:55:32+00:00","dateModified":"2025-10-24T12:00:14+00:00","breadcrumb":{"@id":"https:\/\/catren-itq.webs.upv.es\/research\/#breadcrumb"},"inLanguage":"es","potentialAction":[{"@type":"ReadAction","target":["https:\/\/catren-itq.webs.upv.es\/research\/"]}]},{"@type":"ImageObject","inLanguage":"es","@id":"https:\/\/catren-itq.webs.upv.es\/research\/#primaryimage","url":"https:\/\/catren-itq.webs.upv.es\/wp-content\/uploads\/2025\/10\/ChatGPT-Image-24-oct-2025-13_35_16-2.png","contentUrl":"https:\/\/catren-itq.webs.upv.es\/wp-content\/uploads\/2025\/10\/ChatGPT-Image-24-oct-2025-13_35_16-2.png","width":1536,"height":542},{"@type":"BreadcrumbList","@id":"https:\/\/catren-itq.webs.upv.es\/research\/#breadcrumb","itemListElement":[{"@type":"ListItem","position":1,"name":"Home","item":"https:\/\/catren-itq.webs.upv.es\/"},{"@type":"ListItem","position":2,"name":"Research"}]},{"@type":"WebSite","@id":"https:\/\/catren-itq.webs.upv.es\/#website","url":"https:\/\/catren-itq.webs.upv.es\/","name":"CAT-REN","description":"Marcelo Domine Lab - CATREN","publisher":{"@id":"https:\/\/catren-itq.webs.upv.es\/#organization"},"potentialAction":[{"@type":"SearchAction","target":{"@type":"EntryPoint","urlTemplate":"https:\/\/catren-itq.webs.upv.es\/?s={search_term_string}"},"query-input":{"@type":"PropertyValueSpecification","valueRequired":true,"valueName":"search_term_string"}}],"inLanguage":"es"},{"@type":"Organization","@id":"https:\/\/catren-itq.webs.upv.es\/#organization","name":"CAT-REN","url":"https:\/\/catren-itq.webs.upv.es\/","logo":{"@type":"ImageObject","inLanguage":"es","@id":"https:\/\/catren-itq.webs.upv.es\/#\/schema\/logo\/image\/","url":"https:\/\/catren-itq.webs.upv.es\/wp-content\/uploads\/2025\/10\/foto-logo222-2.png","contentUrl":"https:\/\/catren-itq.webs.upv.es\/wp-content\/uploads\/2025\/10\/foto-logo222-2.png","width":1650,"height":1119,"caption":"CAT-REN"},"image":{"@id":"https:\/\/catren-itq.webs.upv.es\/#\/schema\/logo\/image\/"}}]}},"uagb_featured_image_src":{"full":["https:\/\/catren-itq.webs.upv.es\/wp-content\/uploads\/2025\/10\/ChatGPT-Image-24-oct-2025-13_35_16-2.png",1536,542,false],"thumbnail":["https:\/\/catren-itq.webs.upv.es\/wp-content\/uploads\/2025\/10\/ChatGPT-Image-24-oct-2025-13_35_16-2-150x150.png",150,150,true],"medium":["https:\/\/catren-itq.webs.upv.es\/wp-content\/uploads\/2025\/10\/ChatGPT-Image-24-oct-2025-13_35_16-2-300x106.png",300,106,true],"medium_large":["https:\/\/catren-itq.webs.upv.es\/wp-content\/uploads\/2025\/10\/ChatGPT-Image-24-oct-2025-13_35_16-2-768x271.png",768,271,true],"large":["https:\/\/catren-itq.webs.upv.es\/wp-content\/uploads\/2025\/10\/ChatGPT-Image-24-oct-2025-13_35_16-2-1024x361.png",1024,361,true],"1536x1536":["https:\/\/catren-itq.webs.upv.es\/wp-content\/uploads\/2025\/10\/ChatGPT-Image-24-oct-2025-13_35_16-2.png",1536,542,false],"2048x2048":["https:\/\/catren-itq.webs.upv.es\/wp-content\/uploads\/2025\/10\/ChatGPT-Image-24-oct-2025-13_35_16-2.png",1536,542,false],"trp-custom-language-flag":["https:\/\/catren-itq.webs.upv.es\/wp-content\/uploads\/2025\/10\/ChatGPT-Image-24-oct-2025-13_35_16-2-18x6.png",18,6,true]},"uagb_author_info":{"display_name":"admin","author_link":"https:\/\/catren-itq.webs.upv.es\/es\/author\/lucapei_oh8y4sfv\/"},"uagb_comment_info":0,"uagb_excerpt":"Main Research Lines","_links":{"self":[{"href":"https:\/\/catren-itq.webs.upv.es\/es\/wp-json\/wp\/v2\/pages\/12","targetHints":{"allow":["GET"]}}],"collection":[{"href":"https:\/\/catren-itq.webs.upv.es\/es\/wp-json\/wp\/v2\/pages"}],"about":[{"href":"https:\/\/catren-itq.webs.upv.es\/es\/wp-json\/wp\/v2\/types\/page"}],"author":[{"embeddable":true,"href":"https:\/\/catren-itq.webs.upv.es\/es\/wp-json\/wp\/v2\/users\/1"}],"replies":[{"embeddable":true,"href":"https:\/\/catren-itq.webs.upv.es\/es\/wp-json\/wp\/v2\/comments?post=12"}],"version-history":[{"count":29,"href":"https:\/\/catren-itq.webs.upv.es\/es\/wp-json\/wp\/v2\/pages\/12\/revisions"}],"predecessor-version":[{"id":800,"href":"https:\/\/catren-itq.webs.upv.es\/es\/wp-json\/wp\/v2\/pages\/12\/revisions\/800"}],"wp:featuredmedia":[{"embeddable":true,"href":"https:\/\/catren-itq.webs.upv.es\/es\/wp-json\/wp\/v2\/media\/799"}],"wp:attachment":[{"href":"https:\/\/catren-itq.webs.upv.es\/es\/wp-json\/wp\/v2\/media?parent=12"}],"curies":[{"name":"wp","href":"https:\/\/api.w.org\/{rel}","templated":true}]}}